{"id":127,"date":"2024-01-29T15:13:40","date_gmt":"2024-01-29T14:13:40","guid":{"rendered":"http:\/\/bweyrauch.bplaced.net\/katharina\/?page_id=127"},"modified":"2024-02-11T20:22:59","modified_gmt":"2024-02-11T19:22:59","slug":"wellness-feel-good","status":"publish","type":"page","link":"https:\/\/sweetspotcoaching.de\/?page_id=127","title":{"rendered":"Wellness &#038; Feel-good"},"content":{"rendered":"\n<div class=\"wp-block-group alignfull has-accent-background-color has-background has-global-padding is-layout-constrained wp-block-group-is-layout-constrained\" style=\"margin-top:0;margin-bottom:0;padding-top:var(--wp--preset--spacing--50);padding-right:var(--wp--preset--spacing--50);padding-bottom:var(--wp--preset--spacing--50);padding-left:var(--wp--preset--spacing--50)\">\n<div class=\"wp-block-columns alignwide is-layout-flex wp-container-core-columns-layout-1 wp-block-columns-is-layout-flex\">\n<div class=\"wp-block-column is-vertically-aligned-stretch is-layout-flow wp-block-column-is-layout-flow\" style=\"flex-basis:50%\">\n<div class=\"wp-block-group is-vertical is-content-justification-stretch is-layout-flex wp-container-core-group-layout-2 wp-block-group-is-layout-flex\" style=\"min-height:100%\">\n<p class=\"has-heading-font-family has-x-large-font-size\" style=\"line-height:1.2\">G\u00f6nn dir deine Auszeit.<\/p>\n\n\n\n<div class=\"wp-block-group has-global-padding is-content-justification-left is-layout-constrained wp-container-core-group-layout-1 wp-block-group-is-layout-constrained\">\n<p class=\"wp-container-content-1\"><\/p>\n<\/div>\n<\/div>\n<\/div>\n\n\n\n<div class=\"wp-block-column is-vertically-aligned-center is-layout-flow wp-block-column-is-layout-flow\" style=\"flex-basis:50%\">\n<figure class=\"wp-block-image size-large is-style-rounded\"><img decoding=\"async\" src=\"https:\/\/images.unsplash.com\/photo-1518173946687-a4c8892bbd9f?q=80&amp;w=1974&amp;auto=format&amp;fit=crop&amp;ixlib=rb-4.0.3&amp;ixid=M3wxMjA3fDB8MHxwaG90by1wYWdlfHx8fGVufDB8fHx8fA%3D%3D\" alt=\"\" style=\"aspect-ratio:3\/4;object-fit:cover\"\/><\/figure>\n<\/div>\n<\/div>\n<\/div>\n\n\n\n<div class=\"wp-block-group alignfull has-base-background-color has-background has-global-padding is-layout-constrained wp-block-group-is-layout-constrained\" style=\"margin-top:0;margin-bottom:0;padding-top:var(--wp--preset--spacing--50);padding-right:var(--wp--preset--spacing--50);padding-bottom:var(--wp--preset--spacing--50);padding-left:var(--wp--preset--spacing--50)\">\n<div class=\"wp-block-columns alignwide is-layout-flex wp-container-core-columns-layout-3 wp-block-columns-is-layout-flex\">\n<div class=\"wp-block-column has-global-padding is-content-justification-left is-layout-constrained wp-container-core-column-layout-3 wp-block-column-is-layout-constrained\" style=\"flex-basis:40%\">\n<p><\/p>\n<\/div>\n\n\n\n<div class=\"wp-block-column is-layout-flow wp-container-core-column-layout-5 wp-block-column-is-layout-flow\" style=\"flex-basis:60%\">\n<p class=\"has-heading-font-family has-x-large-font-size\" style=\"line-height:1.2\">Bleibe in Balance, finde Ruhe, Ausgeglichenheit und Entspannung.<\/p>\n\n\n\n<div class=\"wp-block-columns is-layout-flex wp-container-core-columns-layout-2 wp-block-columns-is-layout-flex\">\n<div class=\"wp-block-column is-layout-flow wp-block-column-is-layout-flow\">\n<p>Du suchst nach Entspannung oder m\u00f6chtest deine beanspruchte Muskulatur lockern, um Verletzungen und \u00dcberlastungen vorzubeugen? Vereinbare einen Termin f\u00fcr eine individuelle Behandlung.<\/p>\n\n\n\n<p>M\u00f6gliche Anwendungen:<\/p>\n\n\n\n<ul>\n<li>Entspannungsmassage oder Sportmassage<\/li>\n\n\n\n<li>pr\u00e4ventive Triggerpunkt- und Faszienmassage<\/li>\n\n\n\n<li>Mobilisierung und passives Stretching<\/li>\n\n\n\n<li>Kinesiologisches Taping<\/li>\n\n\n\n<li>Sport-Taping zur Verletzungspr\u00e4vention<\/li>\n<\/ul>\n\n\n\n<div class=\"wp-block-buttons is-content-justification-left is-layout-flex wp-container-core-buttons-layout-1 wp-block-buttons-is-layout-flex\">\n<div class=\"wp-block-button\"><a class=\"wp-block-button__link wp-element-button\" href=\"\/?page_id=28\">Termin vereinbaren<\/a><\/div>\n<\/div>\n<\/div>\n<\/div>\n<\/div>\n<\/div>\n<\/div>\n\n\n","protected":false},"excerpt":{"rendered":"<p>G\u00f6nn dir deine Auszeit. Bleibe in Balance, finde Ruhe, Ausgeglichenheit und Entspannung. Du suchst nach Entspannung oder m\u00f6chtest deine beanspruchte Muskulatur lockern, um Verletzungen und \u00dcberlastungen vorzubeugen? Vereinbare einen Termin f\u00fcr eine individuelle Behandlung. M\u00f6gliche Anwendungen:<\/p>\n","protected":false},"author":1,"featured_media":0,"parent":0,"menu_order":0,"comment_status":"closed","ping_status":"closed","template":"","meta":{"inline_featured_image":false,"footnotes":""},"_links":{"self":[{"href":"https:\/\/sweetspotcoaching.de\/index.php?rest_route=\/wp\/v2\/pages\/127"}],"collection":[{"href":"https:\/\/sweetspotcoaching.de\/index.php?rest_route=\/wp\/v2\/pages"}],"about":[{"href":"https:\/\/sweetspotcoaching.de\/index.php?rest_route=\/wp\/v2\/types\/page"}],"author":[{"embeddable":true,"href":"https:\/\/sweetspotcoaching.de\/index.php?rest_route=\/wp\/v2\/users\/1"}],"replies":[{"embeddable":true,"href":"https:\/\/sweetspotcoaching.de\/index.php?rest_route=%2Fwp%2Fv2%2Fcomments&post=127"}],"version-history":[{"count":8,"href":"https:\/\/sweetspotcoaching.de\/index.php?rest_route=\/wp\/v2\/pages\/127\/revisions"}],"predecessor-version":[{"id":365,"href":"https:\/\/sweetspotcoaching.de\/index.php?rest_route=\/wp\/v2\/pages\/127\/revisions\/365"}],"wp:attachment":[{"href":"https:\/\/sweetspotcoaching.de\/index.php?rest_route=%2Fwp%2Fv2%2Fmedia&parent=127"}],"curies":[{"name":"wp","href":"https:\/\/api.w.org\/{rel}","templated":true}]}}