{"id":14,"date":"2024-01-17T12:06:03","date_gmt":"2024-01-17T11:06:03","guid":{"rendered":"http:\/\/bweyrauch.bplaced.net\/katharina\/?page_id=14"},"modified":"2024-02-11T20:14:18","modified_gmt":"2024-02-11T19:14:18","slug":"angebot","status":"publish","type":"page","link":"https:\/\/sweetspotcoaching.de\/?page_id=14","title":{"rendered":"F\u00fcr dich"},"content":{"rendered":"\n<div class=\"wp-block-group alignfull has-base-2-background-color has-background has-global-padding is-layout-constrained wp-block-group-is-layout-constrained\" style=\"margin-top:0;margin-bottom:0;padding-top:var(--wp--preset--spacing--50);padding-right:var(--wp--preset--spacing--50);padding-bottom:var(--wp--preset--spacing--50);padding-left:var(--wp--preset--spacing--50)\">\n<div class=\"wp-block-group has-global-padding is-layout-constrained wp-block-group-is-layout-constrained\">\n<div class=\"wp-block-columns is-layout-flex wp-container-core-columns-layout-1 wp-block-columns-is-layout-flex\">\n<div class=\"wp-block-column is-vertically-aligned-center is-layout-flow wp-block-column-is-layout-flow\" style=\"flex-basis:100%\">\n<div class=\"wp-block-group is-vertical is-content-justification-center is-layout-flex wp-container-core-group-layout-1 wp-block-group-is-layout-flex\">\n<h2 class=\"wp-block-heading has-text-align-center is-style-asterisk\">Was bewegt dich?<\/h2>\n\n\n\n<div style=\"height:0px\" aria-hidden=\"true\" class=\"wp-block-spacer wp-container-content-1\"><\/div>\n\n\n\n<p>Finde das passende Angebot f\u00fcr deine Gesundheit und dein Wohlbefinden. <\/p>\n\n\n\n<p>Finde deinen Sweet Spot.<\/p>\n<\/div>\n<\/div>\n<\/div>\n<\/div>\n\n\n\n<div style=\"margin-top:0;margin-bottom:0;height:min(4rem, 5vw)\" aria-hidden=\"true\" class=\"wp-block-spacer\"><\/div>\n\n\n\n<div class=\"wp-block-columns alignwide is-layout-flex wp-container-core-columns-layout-2 wp-block-columns-is-layout-flex\">\n<div class=\"wp-block-column is-layout-flow wp-container-core-column-layout-2 wp-block-column-is-layout-flow\">\n<h3 class=\"wp-block-heading has-text-align-left is-style-asterisk has-body-font-family has-medium-font-size\" style=\"font-style:normal;font-weight:600\"><a href=\"http:\/\/sweetspotcoaching.de\/?page_id=51\" data-type=\"page\" data-id=\"51\">Lass uns loslegen<\/a><\/h3>\n\n\n\n<p class=\"has-text-align-left\">Coaching und Training f\u00fcr alle, die jetzt mit einem aktiveren Lifestyle starten wollen. <\/p>\n<\/div>\n\n\n\n<div class=\"wp-block-column is-layout-flow wp-container-core-column-layout-3 wp-block-column-is-layout-flow\">\n<h3 class=\"wp-block-heading has-text-align-left is-style-asterisk has-body-font-family has-medium-font-size\" style=\"font-style:normal;font-weight:600\"><a href=\"http:\/\/bweyrauch.bplaced.net\/katharina\/?page_id=69\" data-type=\"page\" data-id=\"69\">F\u00fcr eine neue Perspektive<\/a><\/h3>\n\n\n\n<p class=\"has-text-align-left\">Training f\u00fcr alle, die ihren Sport effektiv, gesundheitsf\u00f6rdernd und im Wohlf\u00fchlbereich aus\u00fcben wollen.<\/p>\n<\/div>\n<\/div>\n\n\n\n<div style=\"height:min(1.5rem, 2vw)\" aria-hidden=\"true\" class=\"wp-block-spacer\"><\/div>\n\n\n\n<div class=\"wp-block-group alignwide is-nowrap is-layout-flex wp-container-core-group-layout-3 wp-block-group-is-layout-flex\">\n<div class=\"wp-block-columns alignwide is-layout-flex wp-container-core-columns-layout-3 wp-block-columns-is-layout-flex\">\n<div class=\"wp-block-column is-layout-flow wp-container-core-column-layout-4 wp-block-column-is-layout-flow\">\n<h3 class=\"wp-block-heading has-text-align-left is-style-asterisk has-body-font-family has-medium-font-size\" style=\"font-style:normal;font-weight:600\"><a href=\"http:\/\/bweyrauch.bplaced.net\/katharina\/?page_id=99\" data-type=\"page\" data-id=\"99\">Fit auf dem Court<\/a><\/h3>\n\n\n\n<p class=\"has-text-align-left\">Training f\u00fcr alle Tennisspieler, die Verletzungen vorbeugen und fitter f\u00fcr ihre Matches werden wollen.<\/p>\n<\/div>\n\n\n\n<div class=\"wp-block-column is-layout-flow wp-container-core-column-layout-5 wp-block-column-is-layout-flow\">\n<h3 class=\"wp-block-heading has-text-align-left is-style-asterisk has-body-font-family has-medium-font-size\" style=\"font-style:normal;font-weight:600\"><a href=\"http:\/\/bweyrauch.bplaced.net\/katharina\/?page_id=127\" data-type=\"page\" data-id=\"127\">Deine Auszeit<\/a><\/h3>\n\n\n\n<p class=\"has-text-align-left\">F\u00fcr alle, die Entspannung und Regeneration suchen und sich selbst etwas Gutes tun wollen.<\/p>\n<\/div>\n<\/div>\n<\/div>\n\n\n\n<div style=\"height:100px\" aria-hidden=\"true\" class=\"wp-block-spacer\"><\/div>\n\n\n\n<div class=\"wp-block-group alignfull has-accent-background-color has-background has-global-padding is-layout-constrained wp-block-group-is-layout-constrained\" style=\"margin-top:0;margin-bottom:0;padding-top:var(--wp--preset--spacing--50);padding-right:var(--wp--preset--spacing--50);padding-bottom:var(--wp--preset--spacing--50);padding-left:var(--wp--preset--spacing--50)\">\n<div class=\"wp-block-columns alignwide is-layout-flex wp-container-core-columns-layout-4 wp-block-columns-is-layout-flex\">\n<div class=\"wp-block-column is-vertically-aligned-stretch is-layout-flow wp-block-column-is-layout-flow\" style=\"flex-basis:50%\">\n<div class=\"wp-block-group is-vertical is-content-justification-stretch is-layout-flex wp-container-core-group-layout-5 wp-block-group-is-layout-flex\" style=\"min-height:100%\">\n<p class=\"has-heading-font-family has-x-large-font-size\" style=\"line-height:1.2\">Dein Weg zu mir<\/p>\n\n\n\n<p class=\"wp-container-content-2\">Wir lernen uns in einem unverbindlichen, kostenlosen Erstgespr\u00e4ch per Video Call oder am Telefon kennen. Dabei besprechen wir deine W\u00fcnsche und Ziele und wie ich dich dabei unterst\u00fctzen kann. Danach entscheiden wir beide, ob und wie ich dich auf deinem Weg begleite.<\/p>\n\n\n\n<p>Im ersten Termin lernen wir uns noch besser kennen. Der Fokus liegt darauf, deinen momentanen Zustand zu erfassen. Wir blicken w\u00e4hrend des Coachings und Trainings immer wieder darauf zur\u00fcck, um zu sehen, ob wir in die richtige Richtung gehen. <\/p>\n\n\n\n<p>Du entscheidest, wie es weiter geht. Nach jedem Termin kannst du entweder gleich den n\u00e4chsten Termin buchen, eine Pause einlegen oder die Zusammenarbeit erst einmal beenden. <\/p>\n\n\n\n<div class=\"wp-block-group has-global-padding is-content-justification-left is-layout-constrained wp-container-core-group-layout-4 wp-block-group-is-layout-constrained\">\n<div class=\"wp-block-buttons is-layout-flex wp-block-buttons-is-layout-flex\">\n<div class=\"wp-block-button\"><a class=\"wp-block-button__link wp-element-button\" href=\"\/kontakt\">Erstgespr\u00e4ch vereinbaren<\/a><\/div>\n<\/div>\n<\/div>\n<\/div>\n<\/div>\n\n\n\n<div class=\"wp-block-column is-vertically-aligned-center is-layout-flow wp-block-column-is-layout-flow\" style=\"flex-basis:50%\">\n<figure class=\"wp-block-image size-large is-style-rounded\"><img decoding=\"async\" src=\"https:\/\/images.unsplash.com\/photo-1470115636492-6d2b56f9146d?q=80&amp;w=2070&amp;auto=format&amp;fit=crop&amp;ixlib=rb-4.0.3&amp;ixid=M3wxMjA3fDB8MHxwaG90by1wYWdlfHx8fGVufDB8fHx8fA%3D%3D\" alt=\"\" style=\"aspect-ratio:9\/16;object-fit:cover\"\/><\/figure>\n<\/div>\n<\/div>\n<\/div>\n<\/div>\n","protected":false},"excerpt":{"rendered":"<p>Was bewegt dich? Finde das passende Angebot f\u00fcr deine Gesundheit und dein Wohlbefinden. Finde deinen Sweet Spot. Lass uns loslegen Coaching und Training f\u00fcr alle, die jetzt mit einem aktiveren Lifestyle starten wollen. F\u00fcr eine neue Perspektive Training f\u00fcr alle, die ihren Sport effektiv, gesundheitsf\u00f6rdernd und im Wohlf\u00fchlbereich aus\u00fcben wollen. Fit auf dem Court Training [&hellip;]<\/p>\n","protected":false},"author":2,"featured_media":0,"parent":0,"menu_order":0,"comment_status":"closed","ping_status":"closed","template":"","meta":{"inline_featured_image":false,"footnotes":""},"_links":{"self":[{"href":"https:\/\/sweetspotcoaching.de\/index.php?rest_route=\/wp\/v2\/pages\/14"}],"collection":[{"href":"https:\/\/sweetspotcoaching.de\/index.php?rest_route=\/wp\/v2\/pages"}],"about":[{"href":"https:\/\/sweetspotcoaching.de\/index.php?rest_route=\/wp\/v2\/types\/page"}],"author":[{"embeddable":true,"href":"https:\/\/sweetspotcoaching.de\/index.php?rest_route=\/wp\/v2\/users\/2"}],"replies":[{"embeddable":true,"href":"https:\/\/sweetspotcoaching.de\/index.php?rest_route=%2Fwp%2Fv2%2Fcomments&post=14"}],"version-history":[{"count":17,"href":"https:\/\/sweetspotcoaching.de\/index.php?rest_route=\/wp\/v2\/pages\/14\/revisions"}],"predecessor-version":[{"id":356,"href":"https:\/\/sweetspotcoaching.de\/index.php?rest_route=\/wp\/v2\/pages\/14\/revisions\/356"}],"wp:attachment":[{"href":"https:\/\/sweetspotcoaching.de\/index.php?rest_route=%2Fwp%2Fv2%2Fmedia&parent=14"}],"curies":[{"name":"wp","href":"https:\/\/api.w.org\/{rel}","templated":true}]}}