{"id":51,"date":"2024-01-22T18:48:25","date_gmt":"2024-01-22T17:48:25","guid":{"rendered":"http:\/\/bweyrauch.bplaced.net\/katharina\/?page_id=51"},"modified":"2024-03-14T14:04:04","modified_gmt":"2024-03-14T13:04:04","slug":"51-2","status":"publish","type":"page","link":"https:\/\/sweetspotcoaching.de\/?page_id=51","title":{"rendered":"F\u00fcr den Einstieg"},"content":{"rendered":"\n<div class=\"wp-block-group alignfull has-accent-2-background-color has-background has-global-padding is-layout-constrained wp-block-group-is-layout-constrained\" style=\"margin-top:0;margin-bottom:0;padding-top:var(--wp--preset--spacing--50);padding-right:var(--wp--preset--spacing--50);padding-bottom:var(--wp--preset--spacing--50);padding-left:var(--wp--preset--spacing--50)\">\n<div class=\"wp-block-columns alignwide is-layout-flex wp-container-core-columns-layout-1 wp-block-columns-is-layout-flex\">\n<div class=\"wp-block-column is-layout-flow wp-block-column-is-layout-flow\" style=\"flex-basis:40%\">\n<p><\/p>\n<\/div>\n\n\n\n<div class=\"wp-block-column is-layout-flow wp-block-column-is-layout-flow\" style=\"flex-basis:60%\">\n<p class=\"has-heading-font-family has-x-large-font-size\" style=\"line-height:1.2\">Bewegung und Sport kann genussvoll, leicht und voller Freude sein. Probier&#8217;s aus!<\/p>\n<\/div>\n<\/div>\n\n\n\n<div style=\"height:var(--wp--preset--spacing--40)\" aria-hidden=\"true\" class=\"wp-block-spacer\"><\/div>\n\n\n\n<figure class=\"wp-block-image alignwide size-large is-style-rounded\"><img decoding=\"async\" src=\"https:\/\/images.unsplash.com\/uploads\/1412533519888a485b488\/bb9f9777?q=80&amp;w=2070&amp;auto=format&amp;fit=crop&amp;ixlib=rb-4.0.3&amp;ixid=M3wxMjA3fDB8MHxwaG90by1wYWdlfHx8fGVufDB8fHx8fA%3D%3D\" alt=\"\"\/><\/figure>\n<\/div>\n\n\n\n<div class=\"wp-block-group alignfull has-base-background-color has-background has-global-padding is-layout-constrained wp-block-group-is-layout-constrained\" style=\"margin-top:0;margin-bottom:0;padding-top:var(--wp--preset--spacing--50);padding-right:var(--wp--preset--spacing--50);padding-bottom:var(--wp--preset--spacing--50);padding-left:var(--wp--preset--spacing--50)\">\n<div class=\"wp-block-columns alignwide is-layout-flex wp-container-core-columns-layout-3 wp-block-columns-is-layout-flex\">\n<div class=\"wp-block-column has-global-padding is-content-justification-left is-layout-constrained wp-container-core-column-layout-3 wp-block-column-is-layout-constrained\" style=\"flex-basis:40%\">\n<p><\/p>\n<\/div>\n\n\n\n<div class=\"wp-block-column is-layout-flow wp-container-core-column-layout-5 wp-block-column-is-layout-flow\" style=\"flex-basis:60%\">\n<p class=\"has-heading-font-family has-x-large-font-size\" style=\"line-height:1.2\">Erfahre, wie Bewegung f\u00fcr ein gutes K\u00f6rpergef\u00fchl und mehr Gesundheit aussehen kann. Entdecke, was dir Freude bereitet und wobei du dich gut f\u00fchlst. Lerne Routinen, die dir weiterhelfen, um nachhaltig aktiv zu bleiben.<\/p>\n\n\n\n<div class=\"wp-block-columns is-layout-flex wp-container-core-columns-layout-2 wp-block-columns-is-layout-flex\">\n<div class=\"wp-block-column is-layout-flow wp-block-column-is-layout-flow\">\n<p>Du m\u00f6chtest endlich Spa\u00df an Bewegung und Sport finden, um Routinen f\u00fcr ein aktiveres Leben zu etablieren? <\/p>\n\n\n\n<p>Mein Coaching hilft dir, einen neuen Zugang zu Sport und Bewegung zu gewinnen. Im Vordergrund steht dein gesundheitliches Wohlbefinden. Wir finden heraus, welche Aktivit\u00e4ten am besten zu dir passen, in welcher Trainingsform du dich richtig wohlf\u00fchlst und wie du H\u00fcrden meisterst, die dich bisher von einem aktiven Lebensstil abgehalten haben.<\/p>\n\n\n\n<p>Hier darfst du sein, wie du bist. Es geht nicht darum, deine Figur oder dein Gewicht zu ver\u00e4ndern oder einen radikalen Lebenswandel anzutrainieren. Es geht darum, deine Komfortzone in der Bewegung zu finden. So kannst du dich auf neue Erfahrungen einlassen, sie lieb gewinnen und in zuk\u00fcnftige Routinen umwandeln.<\/p>\n\n\n\n<p>Ich begleite ich auf deinem Weg so lange, wie du einen Coach brauchst. Vielleicht ist es nur ein erster Ansto\u00df, der n\u00f6tig ist oder wir gehen deinen Weg eine Zeit lang zusammen. <\/p>\n\n\n\n<p>Lass uns in einem unverbindlichen Telefonat herausfinden, wie dein erster Schritt in ein aktiveres Leben aussehen kann. <\/p>\n\n\n\n<div class=\"wp-block-buttons is-content-justification-center is-layout-flex wp-container-core-buttons-layout-1 wp-block-buttons-is-layout-flex\">\n<div class=\"wp-block-button\"><a class=\"wp-block-button__link wp-element-button\" href=\"\/?page_id=28\">Termin vereinbaren<\/a><\/div>\n<\/div>\n\n\n\n<hr class=\"wp-block-separator has-alpha-channel-opacity\"\/>\n<\/div>\n<\/div>\n<\/div>\n<\/div>\n<\/div>\n\n\n\n<div class=\"wp-block-group alignfull has-accent-5-background-color has-background has-global-padding is-layout-constrained wp-block-group-is-layout-constrained\" style=\"margin-top:0;margin-bottom:0;padding-top:var(--wp--preset--spacing--50);padding-right:var(--wp--preset--spacing--50);padding-bottom:var(--wp--preset--spacing--50);padding-left:var(--wp--preset--spacing--50)\">\n<div class=\"wp-block-columns alignwide is-layout-flex wp-container-core-columns-layout-4 wp-block-columns-is-layout-flex\">\n<div class=\"wp-block-column is-vertically-aligned-center is-layout-flow wp-block-column-is-layout-flow\" style=\"flex-basis:60%\">\n<figure class=\"wp-block-image size-full is-style-rounded wp-duotone-unset-1\"><img loading=\"lazy\" decoding=\"async\" width=\"640\" height=\"422\" src=\"http:\/\/bweyrauch.bplaced.net\/katharina\/wp-content\/uploads\/2024\/03\/ev-C7h_31Lz16Y-unsplash2.jpg\" alt=\"\" class=\"wp-image-433\" style=\"aspect-ratio:4\/3;object-fit:cover\" srcset=\"https:\/\/sweetspotcoaching.de\/wp-content\/uploads\/2024\/03\/ev-C7h_31Lz16Y-unsplash2.jpg 640w, https:\/\/sweetspotcoaching.de\/wp-content\/uploads\/2024\/03\/ev-C7h_31Lz16Y-unsplash2-300x198.jpg 300w\" sizes=\"(max-width: 640px) 100vw, 640px\" \/><\/figure>\n<\/div>\n\n\n\n<div class=\"wp-block-column is-layout-flow wp-block-column-is-layout-flow\" style=\"flex-basis:40%\">\n<h4 class=\"wp-block-heading\">Aktuelles Angebot: Laufkurs<\/h4>\n\n\n\n<h2 class=\"wp-block-heading\">Genussvoller Einstieg ins Laufen<\/h2>\n\n\n\n<p>Ein Laufkurs f\u00fcr alle, die den (Wieder-)Einstieg in den Laufsport finden m\u00f6chten.<\/p>\n\n\n\n<p>Das Ziel unserer gemeinsamen Reise ist, nach 8 Wochen 30 Minuten am St\u00fcck laufen zu k\u00f6nnen. Dabei sollst du Spa\u00df am Laufen gewinnen, vom Alltag abschalten und Routinen etablieren, die das Laufen fest in dein Leben verankern. <\/p>\n\n\n\n<p>Statt Leistungsdruck, Qual und Stress stehen Achtsamkeit, angepasste Belastungen und eine unterst\u00fctzende Trainingsatmosph\u00e4re im Vordergrund.<\/p>\n\n\n\n<p>Jede Trainingseinheit setzt sich zusammen aus:<\/p>\n\n\n\n<ul>\n<li>Ausdauertraining<\/li>\n\n\n\n<li>\u00dcbungen zur Kr\u00e4ftigung der Muskulatur, die f\u00fcr den Laufsport besonders relevant ist<\/li>\n\n\n\n<li>Mobilisations\u00fcbungen und Stretching<\/li>\n\n\n\n<li>\u00dcbungen, die eine \u00f6konomische Lauftechnik unterst\u00fctzen<\/li>\n<\/ul>\n\n\n\n<p>Dein Laufkurs enth\u00e4lt:<\/p>\n\n\n\n<ul>\n<li>8 Trainingseinheiten in der Gruppe<\/li>\n\n\n\n<li>Trainingsplan mit &#8222;Hausaufgaben&#8220; (L\u00e4ngste Einheit 37 min)<\/li>\n\n\n\n<li>Die Option, eine weitere Trainingseinheit pro Woche hinzuzubuchen (Woche f\u00fcr Woche buchbar, je nachdem, wie viel Unterst\u00fctzung du brauchst)<\/li>\n\n\n\n<li>Beratung und Unterst\u00fctzung w\u00e4hrend des gesamten Kurszeitraums<\/li>\n<\/ul>\n\n\n\n<p><strong>Kursort<\/strong>: Schwetzingen<\/p>\n\n\n\n<p><strong>Kurstage<\/strong>: <\/p>\n\n\n\n<p>Festes Training: Montags 18-19 Uhr<\/p>\n\n\n\n<p>Optionales Training: Freitagsnachmittags nach Absprache<\/p>\n\n\n\n<p><strong>Kursgeb\u00fchr<\/strong>: 100 \u20ac<\/p>\n\n\n\n<p>zuz\u00fcglich 5 \u20ac pro zus\u00e4tzlicher Trainingseinheit am Freitag<\/p>\n\n\n\n<p><strong>Kursstart<\/strong>: 8. April 2024<\/p>\n\n\n\n<div class=\"wp-block-buttons is-layout-flex wp-block-buttons-is-layout-flex\">\n<div class=\"wp-block-button\"><a class=\"wp-block-button__link wp-element-button\" href=\"\/?page_id=28\">Anmelden<\/a><\/div>\n<\/div>\n<\/div>\n<\/div>\n<\/div>\n","protected":false},"excerpt":{"rendered":"<p>Bewegung und Sport kann genussvoll, leicht und voller Freude sein. Probier&#8217;s aus! Erfahre, wie Bewegung f\u00fcr ein gutes K\u00f6rpergef\u00fchl und mehr Gesundheit aussehen kann. Entdecke, was dir Freude bereitet und wobei du dich gut f\u00fchlst. Lerne Routinen, die dir weiterhelfen, um nachhaltig aktiv zu bleiben. Du m\u00f6chtest endlich Spa\u00df an Bewegung und Sport finden, um [&hellip;]<\/p>\n","protected":false},"author":2,"featured_media":0,"parent":0,"menu_order":0,"comment_status":"closed","ping_status":"closed","template":"","meta":{"inline_featured_image":false,"footnotes":""},"_links":{"self":[{"href":"https:\/\/sweetspotcoaching.de\/index.php?rest_route=\/wp\/v2\/pages\/51"}],"collection":[{"href":"https:\/\/sweetspotcoaching.de\/index.php?rest_route=\/wp\/v2\/pages"}],"about":[{"href":"https:\/\/sweetspotcoaching.de\/index.php?rest_route=\/wp\/v2\/types\/page"}],"author":[{"embeddable":true,"href":"https:\/\/sweetspotcoaching.de\/index.php?rest_route=\/wp\/v2\/users\/2"}],"replies":[{"embeddable":true,"href":"https:\/\/sweetspotcoaching.de\/index.php?rest_route=%2Fwp%2Fv2%2Fcomments&post=51"}],"version-history":[{"count":19,"href":"https:\/\/sweetspotcoaching.de\/index.php?rest_route=\/wp\/v2\/pages\/51\/revisions"}],"predecessor-version":[{"id":456,"href":"https:\/\/sweetspotcoaching.de\/index.php?rest_route=\/wp\/v2\/pages\/51\/revisions\/456"}],"wp:attachment":[{"href":"https:\/\/sweetspotcoaching.de\/index.php?rest_route=%2Fwp%2Fv2%2Fmedia&parent=51"}],"curies":[{"name":"wp","href":"https:\/\/api.w.org\/{rel}","templated":true}]}}